{"id":192,"date":"2019-02-18T06:16:58","date_gmt":"2019-02-18T06:16:58","guid":{"rendered":"https:\/\/www.electrobac.com\/home\/"},"modified":"2026-01-29T20:48:41","modified_gmt":"2026-01-29T20:48:41","slug":"home","status":"publish","type":"page","link":"https:\/\/www.electrobac.com\/fr\/","title":{"rendered":"Home"},"content":{"rendered":"<p>&nbsp;<\/p>\n<div style=\"display: none;\"><\/div>\n<div style=\"display: none;\"><\/div>\n","protected":false},"excerpt":{"rendered":"<p>&nbsp;<\/p>\n","protected":false},"author":8,"featured_media":0,"parent":0,"menu_order":0,"comment_status":"closed","ping_status":"closed","template":"template-homepage-2.php","meta":{"_seopress_robots_primary_cat":"","_seopress_titles_title":"Electrobac  |  Bac recyclage cellulaire, fils, c\u00e2bles, cartouches d&#039;encre et \u00e9lectroniques","_seopress_titles_desc":"La solution pour vous d\u00e9barrasser de vos petits d\u00e9chets \u00e9lectroniques : cellulaires, tablettes, c\u00e2bles, cartouches d&#039;encre et 100 autres types d&#039;\u00e9lectroniques!","_seopress_robots_index":"","footnotes":""},"acf":[],"_links":{"self":[{"href":"https:\/\/www.electrobac.com\/fr\/wp-json\/wp\/v2\/pages\/192"}],"collection":[{"href":"https:\/\/www.electrobac.com\/fr\/wp-json\/wp\/v2\/pages"}],"about":[{"href":"https:\/\/www.electrobac.com\/fr\/wp-json\/wp\/v2\/types\/page"}],"author":[{"embeddable":true,"href":"https:\/\/www.electrobac.com\/fr\/wp-json\/wp\/v2\/users\/8"}],"replies":[{"embeddable":true,"href":"https:\/\/www.electrobac.com\/fr\/wp-json\/wp\/v2\/comments?post=192"}],"version-history":[{"count":44,"href":"https:\/\/www.electrobac.com\/fr\/wp-json\/wp\/v2\/pages\/192\/revisions"}],"predecessor-version":[{"id":20269,"href":"https:\/\/www.electrobac.com\/fr\/wp-json\/wp\/v2\/pages\/192\/revisions\/20269"}],"wp:attachment":[{"href":"https:\/\/www.electrobac.com\/fr\/wp-json\/wp\/v2\/media?parent=192"}],"curies":[{"name":"wp","href":"https:\/\/api.w.org\/{rel}","templated":true}]}}