{"id":319,"date":"2019-03-04T09:17:58","date_gmt":"2019-03-04T09:17:58","guid":{"rendered":"https:\/\/www.electrobac.com\/buybac-program\/"},"modified":"2020-02-28T14:48:41","modified_gmt":"2020-02-28T14:48:41","slug":"service-buybac","status":"publish","type":"page","link":"https:\/\/www.electrobac.com\/fr\/service-buybac\/","title":{"rendered":"Service Buybac"},"content":{"rendered":"<p>&nbsp;<\/p>\n<div style=\"display: none;\"><\/div>\n","protected":false},"excerpt":{"rendered":"<p>&nbsp;<\/p>\n","protected":false},"author":8,"featured_media":0,"parent":0,"menu_order":0,"comment_status":"closed","ping_status":"closed","template":"template-buybac-program.php","meta":{"_seopress_robots_primary_cat":"","_seopress_titles_title":"Rachat corporatif Buybac | Electrobac","_seopress_titles_desc":"Rachat de t\u00e9l\u00e9phone intelligent corporatif, Electrobac rach\u00e8tes vos anciens appareils et vous garantis l&#039;effacement des donn\u00e9es. Electrobac rach\u00e8te les t\u00e9l\u00e9phones de Montr\u00e9al, Toronto, Ottawa, Calgary, Edmonton, Vancouver et ailleurs au Canada.","_seopress_robots_index":"","footnotes":""},"acf":[],"_links":{"self":[{"href":"https:\/\/www.electrobac.com\/fr\/wp-json\/wp\/v2\/pages\/319"}],"collection":[{"href":"https:\/\/www.electrobac.com\/fr\/wp-json\/wp\/v2\/pages"}],"about":[{"href":"https:\/\/www.electrobac.com\/fr\/wp-json\/wp\/v2\/types\/page"}],"author":[{"embeddable":true,"href":"https:\/\/www.electrobac.com\/fr\/wp-json\/wp\/v2\/users\/8"}],"replies":[{"embeddable":true,"href":"https:\/\/www.electrobac.com\/fr\/wp-json\/wp\/v2\/comments?post=319"}],"version-history":[{"count":58,"href":"https:\/\/www.electrobac.com\/fr\/wp-json\/wp\/v2\/pages\/319\/revisions"}],"predecessor-version":[{"id":5152,"href":"https:\/\/www.electrobac.com\/fr\/wp-json\/wp\/v2\/pages\/319\/revisions\/5152"}],"wp:attachment":[{"href":"https:\/\/www.electrobac.com\/fr\/wp-json\/wp\/v2\/media?parent=319"}],"curies":[{"name":"wp","href":"https:\/\/api.w.org\/{rel}","templated":true}]}}