{"id":853,"date":"2019-03-12T09:43:50","date_gmt":"2019-03-12T09:43:50","guid":{"rendered":"https:\/\/www.electrobac.com\/about-the-electrobac\/"},"modified":"2026-01-29T20:56:15","modified_gmt":"2026-01-29T20:56:15","slug":"a-propos-du-bac-pour-electroniques","status":"publish","type":"page","link":"https:\/\/www.electrobac.com\/fr\/a-propos-du-bac-pour-electroniques\/","title":{"rendered":"\u00c0 propos du bac pour petits appareils \u00e9lectroniques"},"content":{"rendered":"","protected":false},"excerpt":{"rendered":"","protected":false},"author":8,"featured_media":0,"parent":0,"menu_order":0,"comment_status":"closed","ping_status":"closed","template":"template-information-citizen.php","meta":{"_seopress_robots_primary_cat":"","_seopress_titles_title":"\u00c0 propos du bac pour \u00e9lectroniques","_seopress_titles_desc":"Nous devons tous contribuer pour s&#039;assurer que les appareils \u00e9lectroniques, notamment les t\u00e9l\u00e9phones portables, les tablettes et les chargeurs, ne finissent jamais dans les sites d&#039;enfouissement.","_seopress_robots_index":"","footnotes":""},"acf":[],"_links":{"self":[{"href":"https:\/\/www.electrobac.com\/fr\/wp-json\/wp\/v2\/pages\/853"}],"collection":[{"href":"https:\/\/www.electrobac.com\/fr\/wp-json\/wp\/v2\/pages"}],"about":[{"href":"https:\/\/www.electrobac.com\/fr\/wp-json\/wp\/v2\/types\/page"}],"author":[{"embeddable":true,"href":"https:\/\/www.electrobac.com\/fr\/wp-json\/wp\/v2\/users\/8"}],"replies":[{"embeddable":true,"href":"https:\/\/www.electrobac.com\/fr\/wp-json\/wp\/v2\/comments?post=853"}],"version-history":[{"count":52,"href":"https:\/\/www.electrobac.com\/fr\/wp-json\/wp\/v2\/pages\/853\/revisions"}],"predecessor-version":[{"id":20273,"href":"https:\/\/www.electrobac.com\/fr\/wp-json\/wp\/v2\/pages\/853\/revisions\/20273"}],"wp:attachment":[{"href":"https:\/\/www.electrobac.com\/fr\/wp-json\/wp\/v2\/media?parent=853"}],"curies":[{"name":"wp","href":"https:\/\/api.w.org\/{rel}","templated":true}]}}